{"id":348,"date":"2018-11-06T22:52:52","date_gmt":"2018-11-06T22:52:52","guid":{"rendered":"http:\/\/bcifoods.com\/?page_id=348"},"modified":"2025-03-07T16:29:27","modified_gmt":"2025-03-07T21:29:27","slug":"our-commitment-to-our-store-brand-partners","status":"publish","type":"page","link":"https:\/\/bcifoods.com\/fr\/our-commitment-to-our-store-brand-partners\/","title":{"rendered":"Notre engagement envers nos partenaires de produits de marques maison"},"content":{"rendered":"<p>Depuis 1976, Aliments BCI Inc. est \u00ab La marque derri\u00e8re la marque \u00bb des entreprises alimentaires, proposant des soupes, des sachets, des sauces, des p\u00e2tes en conserve, des trempettes, et des milliers de recettes d\u00e9licieuses aux saveurs internationales.<\/p>\n<p>En offrant des recettes au go\u00fbt extraordinaire, des ingr\u00e9dients de premi\u00e8re qualit\u00e9, des technologies d\u2019emballage de pointe pour nos bo\u00eetes de conserve et nos sachets, Aliments BCI Inc. regroupe en un seul endroit tous les services n\u00e9cessaires \u00e0 nos partenaires. Nous comprenons les besoins et les demandes de vos clients, et c\u2019est pourquoi nous adaptons nos recettes aux demandes particuli\u00e8res de nos partenaires. Nos m\u00e9thodes de production agiles et notre rapidit\u00e9 de mise en march\u00e9 nous permettent d\u2019avoir cette flexibilit\u00e9, tr\u00e8s appr\u00e9ci\u00e9e de nos partenaires.<\/p>\n","protected":false},"excerpt":{"rendered":"<p>Depuis 1976, Aliments BCI Inc. est \u00ab La marque derri\u00e8re la marque \u00bb des entreprises alimentaires, proposant des soupes, des sachets, des sauces, des p\u00e2tes en conserve, des trempettes, et des milliers de recettes d\u00e9licieuses aux saveurs internationales. En offrant des recettes au go\u00fbt extraordinaire, des ingr\u00e9dients de premi\u00e8re qualit\u00e9, des technologies d\u2019emballage de pointe [&hellip;]<\/p>\n","protected":false},"author":3,"featured_media":0,"parent":0,"menu_order":0,"comment_status":"closed","ping_status":"closed","template":"bcif-partners-page.php","meta":{"_acf_changed":false,"_genesis_hide_title":false,"_genesis_hide_breadcrumbs":false,"_genesis_hide_singular_image":false,"_genesis_hide_footer_widgets":false,"_genesis_custom_body_class":"","_genesis_custom_post_class":"","_genesis_layout":"","footnotes":""},"class_list":{"0":"post-348","1":"page","2":"type-page","3":"status-publish","5":"entry"},"acf":[],"yoast_head":"<!-- This site is optimized with the Yoast SEO plugin v27.4 - https:\/\/yoast.com\/product\/yoast-seo-wordpress\/ -->\n<title>Notre engagement envers nos partenaires de produits de marques maison - BCI Foods<\/title>\n<meta name=\"robots\" content=\"index, follow, max-snippet:-1, max-image-preview:large, max-video-preview:-1\" \/>\n<link rel=\"canonical\" href=\"https:\/\/bcifoods.com\/fr\/our-commitment-to-our-store-brand-partners\/\" \/>\n<meta property=\"og:locale\" content=\"fr_FR\" \/>\n<meta property=\"og:type\" content=\"article\" \/>\n<meta property=\"og:title\" content=\"Notre engagement envers nos partenaires de produits de marques maison - BCI Foods\" \/>\n<meta property=\"og:description\" content=\"Depuis 1976, Aliments BCI Inc. est \u00ab La marque derri\u00e8re la marque \u00bb des entreprises alimentaires, proposant des soupes, des sachets, des sauces, des p\u00e2tes en conserve, des trempettes, et des milliers de recettes d\u00e9licieuses aux saveurs internationales. En offrant des recettes au go\u00fbt extraordinaire, des ingr\u00e9dients de premi\u00e8re qualit\u00e9, des technologies d\u2019emballage de pointe [&hellip;]\" \/>\n<meta property=\"og:url\" content=\"https:\/\/bcifoods.com\/fr\/our-commitment-to-our-store-brand-partners\/\" \/>\n<meta property=\"og:site_name\" content=\"BCI Foods\" \/>\n<meta property=\"article:publisher\" content=\"https:\/\/www.facebook.com\/people\/Les-Aliments-BCI-Foods-Inc\/100063662755441\/\" \/>\n<meta property=\"article:modified_time\" content=\"2025-03-07T21:29:27+00:00\" \/>\n<meta name=\"twitter:card\" content=\"summary_large_image\" \/>\n<meta name=\"twitter:label1\" content=\"Dur\u00e9e de lecture estim\u00e9e\" \/>\n\t<meta name=\"twitter:data1\" content=\"1 minute\" \/>\n<script type=\"application\/ld+json\" class=\"yoast-schema-graph\">{\"@context\":\"https:\\\/\\\/schema.org\",\"@graph\":[{\"@type\":\"WebPage\",\"@id\":\"https:\\\/\\\/bcifoods.com\\\/fr\\\/our-commitment-to-our-store-brand-partners\\\/\",\"url\":\"https:\\\/\\\/bcifoods.com\\\/fr\\\/our-commitment-to-our-store-brand-partners\\\/\",\"name\":\"Notre engagement envers nos partenaires de produits de marques maison - BCI Foods\",\"isPartOf\":{\"@id\":\"https:\\\/\\\/bcifoods.com\\\/#website\"},\"datePublished\":\"2018-11-06T22:52:52+00:00\",\"dateModified\":\"2025-03-07T21:29:27+00:00\",\"breadcrumb\":{\"@id\":\"https:\\\/\\\/bcifoods.com\\\/fr\\\/our-commitment-to-our-store-brand-partners\\\/#breadcrumb\"},\"inLanguage\":\"fr-FR\",\"potentialAction\":[{\"@type\":\"ReadAction\",\"target\":[\"https:\\\/\\\/bcifoods.com\\\/fr\\\/our-commitment-to-our-store-brand-partners\\\/\"]}]},{\"@type\":\"BreadcrumbList\",\"@id\":\"https:\\\/\\\/bcifoods.com\\\/fr\\\/our-commitment-to-our-store-brand-partners\\\/#breadcrumb\",\"itemListElement\":[{\"@type\":\"ListItem\",\"position\":1,\"name\":\"Home\",\"item\":\"https:\\\/\\\/bcifoods.com\\\/fr\\\/\"},{\"@type\":\"ListItem\",\"position\":2,\"name\":\"Notre engagement envers nos partenaires de produits de marques maison\"}]},{\"@type\":\"WebSite\",\"@id\":\"https:\\\/\\\/bcifoods.com\\\/#website\",\"url\":\"https:\\\/\\\/bcifoods.com\\\/\",\"name\":\"BCI Foods\",\"description\":\"The Brand behind the Brand\",\"publisher\":{\"@id\":\"https:\\\/\\\/bcifoods.com\\\/#organization\"},\"potentialAction\":[{\"@type\":\"SearchAction\",\"target\":{\"@type\":\"EntryPoint\",\"urlTemplate\":\"https:\\\/\\\/bcifoods.com\\\/?s={search_term_string}\"},\"query-input\":{\"@type\":\"PropertyValueSpecification\",\"valueRequired\":true,\"valueName\":\"search_term_string\"}}],\"inLanguage\":\"fr-FR\"},{\"@type\":\"Organization\",\"@id\":\"https:\\\/\\\/bcifoods.com\\\/#organization\",\"name\":\"BCI Foods\",\"url\":\"https:\\\/\\\/bcifoods.com\\\/\",\"logo\":{\"@type\":\"ImageObject\",\"inLanguage\":\"fr-FR\",\"@id\":\"https:\\\/\\\/bcifoods.com\\\/#\\\/schema\\\/logo\\\/image\\\/\",\"url\":\"https:\\\/\\\/bcifoods.com\\\/wp-content\\\/uploads\\\/2018\\\/10\\\/BCI_Foods_Logo_BL.png\",\"contentUrl\":\"https:\\\/\\\/bcifoods.com\\\/wp-content\\\/uploads\\\/2018\\\/10\\\/BCI_Foods_Logo_BL.png\",\"width\":1740,\"height\":1740,\"caption\":\"BCI Foods\"},\"image\":{\"@id\":\"https:\\\/\\\/bcifoods.com\\\/#\\\/schema\\\/logo\\\/image\\\/\"},\"sameAs\":[\"https:\\\/\\\/www.facebook.com\\\/people\\\/Les-Aliments-BCI-Foods-Inc\\\/100063662755441\\\/\"]}]}<\/script>\n<!-- \/ Yoast SEO plugin. -->","yoast_head_json":{"title":"Notre engagement envers nos partenaires de produits de marques maison - BCI Foods","robots":{"index":"index","follow":"follow","max-snippet":"max-snippet:-1","max-image-preview":"max-image-preview:large","max-video-preview":"max-video-preview:-1"},"canonical":"https:\/\/bcifoods.com\/fr\/our-commitment-to-our-store-brand-partners\/","og_locale":"fr_FR","og_type":"article","og_title":"Notre engagement envers nos partenaires de produits de marques maison - BCI Foods","og_description":"Depuis 1976, Aliments BCI Inc. est \u00ab La marque derri\u00e8re la marque \u00bb des entreprises alimentaires, proposant des soupes, des sachets, des sauces, des p\u00e2tes en conserve, des trempettes, et des milliers de recettes d\u00e9licieuses aux saveurs internationales. En offrant des recettes au go\u00fbt extraordinaire, des ingr\u00e9dients de premi\u00e8re qualit\u00e9, des technologies d\u2019emballage de pointe [&hellip;]","og_url":"https:\/\/bcifoods.com\/fr\/our-commitment-to-our-store-brand-partners\/","og_site_name":"BCI Foods","article_publisher":"https:\/\/www.facebook.com\/people\/Les-Aliments-BCI-Foods-Inc\/100063662755441\/","article_modified_time":"2025-03-07T21:29:27+00:00","twitter_card":"summary_large_image","twitter_misc":{"Dur\u00e9e de lecture estim\u00e9e":"1 minute"},"schema":{"@context":"https:\/\/schema.org","@graph":[{"@type":"WebPage","@id":"https:\/\/bcifoods.com\/fr\/our-commitment-to-our-store-brand-partners\/","url":"https:\/\/bcifoods.com\/fr\/our-commitment-to-our-store-brand-partners\/","name":"Notre engagement envers nos partenaires de produits de marques maison - BCI Foods","isPartOf":{"@id":"https:\/\/bcifoods.com\/#website"},"datePublished":"2018-11-06T22:52:52+00:00","dateModified":"2025-03-07T21:29:27+00:00","breadcrumb":{"@id":"https:\/\/bcifoods.com\/fr\/our-commitment-to-our-store-brand-partners\/#breadcrumb"},"inLanguage":"fr-FR","potentialAction":[{"@type":"ReadAction","target":["https:\/\/bcifoods.com\/fr\/our-commitment-to-our-store-brand-partners\/"]}]},{"@type":"BreadcrumbList","@id":"https:\/\/bcifoods.com\/fr\/our-commitment-to-our-store-brand-partners\/#breadcrumb","itemListElement":[{"@type":"ListItem","position":1,"name":"Home","item":"https:\/\/bcifoods.com\/fr\/"},{"@type":"ListItem","position":2,"name":"Notre engagement envers nos partenaires de produits de marques maison"}]},{"@type":"WebSite","@id":"https:\/\/bcifoods.com\/#website","url":"https:\/\/bcifoods.com\/","name":"BCI Foods","description":"The Brand behind the Brand","publisher":{"@id":"https:\/\/bcifoods.com\/#organization"},"potentialAction":[{"@type":"SearchAction","target":{"@type":"EntryPoint","urlTemplate":"https:\/\/bcifoods.com\/?s={search_term_string}"},"query-input":{"@type":"PropertyValueSpecification","valueRequired":true,"valueName":"search_term_string"}}],"inLanguage":"fr-FR"},{"@type":"Organization","@id":"https:\/\/bcifoods.com\/#organization","name":"BCI Foods","url":"https:\/\/bcifoods.com\/","logo":{"@type":"ImageObject","inLanguage":"fr-FR","@id":"https:\/\/bcifoods.com\/#\/schema\/logo\/image\/","url":"https:\/\/bcifoods.com\/wp-content\/uploads\/2018\/10\/BCI_Foods_Logo_BL.png","contentUrl":"https:\/\/bcifoods.com\/wp-content\/uploads\/2018\/10\/BCI_Foods_Logo_BL.png","width":1740,"height":1740,"caption":"BCI Foods"},"image":{"@id":"https:\/\/bcifoods.com\/#\/schema\/logo\/image\/"},"sameAs":["https:\/\/www.facebook.com\/people\/Les-Aliments-BCI-Foods-Inc\/100063662755441\/"]}]}},"_links":{"self":[{"href":"https:\/\/bcifoods.com\/fr\/wp-json\/wp\/v2\/pages\/348","targetHints":{"allow":["GET"]}}],"collection":[{"href":"https:\/\/bcifoods.com\/fr\/wp-json\/wp\/v2\/pages"}],"about":[{"href":"https:\/\/bcifoods.com\/fr\/wp-json\/wp\/v2\/types\/page"}],"author":[{"embeddable":true,"href":"https:\/\/bcifoods.com\/fr\/wp-json\/wp\/v2\/users\/3"}],"replies":[{"embeddable":true,"href":"https:\/\/bcifoods.com\/fr\/wp-json\/wp\/v2\/comments?post=348"}],"version-history":[{"count":1,"href":"https:\/\/bcifoods.com\/fr\/wp-json\/wp\/v2\/pages\/348\/revisions"}],"predecessor-version":[{"id":1769,"href":"https:\/\/bcifoods.com\/fr\/wp-json\/wp\/v2\/pages\/348\/revisions\/1769"}],"wp:attachment":[{"href":"https:\/\/bcifoods.com\/fr\/wp-json\/wp\/v2\/media?parent=348"}],"curies":[{"name":"wp","href":"https:\/\/api.w.org\/{rel}","templated":true}]}}