{"id":191,"date":"2018-10-23T04:19:06","date_gmt":"2018-10-23T04:19:06","guid":{"rendered":"http:\/\/bcifoods.com\/?page_id=191"},"modified":"2025-03-07T16:30:05","modified_gmt":"2025-03-07T21:30:05","slug":"about-contact","status":"publish","type":"page","link":"https:\/\/bcifoods.com\/fr\/about-contact\/","title":{"rendered":"LA MARQUE <span class=\"break-span-mobile\">DERRI\u00c8RE LA MARQUE<\/span>"},"content":{"rendered":"<p>Aliments BCI Inc. est ax\u00e9e sur la culture, l\u2019innovation et la croissance de marques maison en alimentation. Offrir une exp\u00e9rience gustative hors du commun est la cl\u00e9 de la r\u00e9ussite des distributeurs de marques maison qui connaissent du succ\u00e8s. Ces derniers reconnaissent qu\u2019il s\u2019agit l\u00e0 d\u2019une valeur qui doit s\u2019inscrire directement dans l\u2019ADN de l\u2019entreprise.<\/p>\n<p>Nous sommes des pr\u00e9curseurs et des innovateurs dans le domaine de l\u2019alimentation. Partant toujours de la perspective du consommateur, nous cr\u00e9ons des exp\u00e9riences alimentaires d\u2019avant-garde, en combinant le go\u00fbt, la gastronomie et la technologie. Nous sommes \u00e0 l\u2019aff\u00fbt des derni\u00e8res tendances saveurs, vous proposant ainsi des marques maison \u00e0 la fois uniques et disposant d\u2019un avantage concurrentiel durable.<\/p>\n<p>La simplicit\u00e9 de nos processus de travail ainsi que la responsabilisation et la d\u00e9termination de nos gens nous permettent une grande agilit\u00e9 dans notre travail de mise en march\u00e9. Ainsi nous r\u00e9ussissons \u00e0 r\u00e9pondre efficacement aux besoins, en constante et rapide \u00e9volution, de tous nos clients.<\/p>\n<p>Nous sommes, depuis 1976, la Marque derri\u00e8re la Marque. Contactez-nous afin de d\u00e9couvrir comment nous pouvons vous aider \u00e0 envisager votre futur.<\/p>\n<h4>L\u2019EXTRA-ORDINAIRE EST DANS NOS CONSERVES!<\/h4>\n","protected":false},"excerpt":{"rendered":"<p>Aliments BCI Inc. est ax\u00e9e sur la culture, l\u2019innovation et la croissance de marques maison en alimentation. Offrir une exp\u00e9rience gustative hors du commun est la cl\u00e9 de la r\u00e9ussite des distributeurs de marques maison qui connaissent du succ\u00e8s. Ces derniers reconnaissent qu\u2019il s\u2019agit l\u00e0 d\u2019une valeur qui doit s\u2019inscrire directement dans l\u2019ADN de l\u2019entreprise. [&hellip;]<\/p>\n","protected":false},"author":3,"featured_media":0,"parent":0,"menu_order":0,"comment_status":"closed","ping_status":"closed","template":"bcif-about-page.php","meta":{"_acf_changed":false,"_genesis_hide_title":false,"_genesis_hide_breadcrumbs":false,"_genesis_hide_singular_image":false,"_genesis_hide_footer_widgets":false,"_genesis_custom_body_class":"","_genesis_custom_post_class":"","_genesis_layout":"","footnotes":""},"class_list":{"0":"post-191","1":"page","2":"type-page","3":"status-publish","5":"entry"},"acf":[],"yoast_head":"<!-- This site is optimized with the Yoast SEO plugin v27.3 - https:\/\/yoast.com\/product\/yoast-seo-wordpress\/ -->\n<title>LA MARQUE DERRI\u00c8RE LA MARQUE - BCI Foods<\/title>\n<meta name=\"robots\" content=\"index, follow, max-snippet:-1, max-image-preview:large, max-video-preview:-1\" \/>\n<link rel=\"canonical\" href=\"https:\/\/bcifoods.com\/fr\/about-contact\/\" \/>\n<meta property=\"og:locale\" content=\"fr_FR\" \/>\n<meta property=\"og:type\" content=\"article\" \/>\n<meta property=\"og:title\" content=\"LA MARQUE DERRI\u00c8RE LA MARQUE - BCI Foods\" \/>\n<meta property=\"og:description\" content=\"Aliments BCI Inc. est ax\u00e9e sur la culture, l\u2019innovation et la croissance de marques maison en alimentation. Offrir une exp\u00e9rience gustative hors du commun est la cl\u00e9 de la r\u00e9ussite des distributeurs de marques maison qui connaissent du succ\u00e8s. Ces derniers reconnaissent qu\u2019il s\u2019agit l\u00e0 d\u2019une valeur qui doit s\u2019inscrire directement dans l\u2019ADN de l\u2019entreprise. [&hellip;]\" \/>\n<meta property=\"og:url\" content=\"https:\/\/bcifoods.com\/fr\/about-contact\/\" \/>\n<meta property=\"og:site_name\" content=\"BCI Foods\" \/>\n<meta property=\"article:publisher\" content=\"https:\/\/www.facebook.com\/people\/Les-Aliments-BCI-Foods-Inc\/100063662755441\/\" \/>\n<meta property=\"article:modified_time\" content=\"2025-03-07T21:30:05+00:00\" \/>\n<meta name=\"twitter:card\" content=\"summary_large_image\" \/>\n<meta name=\"twitter:label1\" content=\"Dur\u00e9e de lecture estim\u00e9e\" \/>\n\t<meta name=\"twitter:data1\" content=\"1 minute\" \/>\n<script type=\"application\/ld+json\" class=\"yoast-schema-graph\">{\"@context\":\"https:\\\/\\\/schema.org\",\"@graph\":[{\"@type\":\"WebPage\",\"@id\":\"https:\\\/\\\/bcifoods.com\\\/fr\\\/about-contact\\\/\",\"url\":\"https:\\\/\\\/bcifoods.com\\\/fr\\\/about-contact\\\/\",\"name\":\"LA MARQUE DERRI\u00c8RE LA MARQUE - BCI Foods\",\"isPartOf\":{\"@id\":\"https:\\\/\\\/bcifoods.com\\\/#website\"},\"datePublished\":\"2018-10-23T04:19:06+00:00\",\"dateModified\":\"2025-03-07T21:30:05+00:00\",\"breadcrumb\":{\"@id\":\"https:\\\/\\\/bcifoods.com\\\/fr\\\/about-contact\\\/#breadcrumb\"},\"inLanguage\":\"fr-FR\",\"potentialAction\":[{\"@type\":\"ReadAction\",\"target\":[\"https:\\\/\\\/bcifoods.com\\\/fr\\\/about-contact\\\/\"]}]},{\"@type\":\"BreadcrumbList\",\"@id\":\"https:\\\/\\\/bcifoods.com\\\/fr\\\/about-contact\\\/#breadcrumb\",\"itemListElement\":[{\"@type\":\"ListItem\",\"position\":1,\"name\":\"Home\",\"item\":\"https:\\\/\\\/bcifoods.com\\\/fr\\\/\"},{\"@type\":\"ListItem\",\"position\":2,\"name\":\"LA MARQUE DERRI\u00c8RE LA MARQUE\"}]},{\"@type\":\"WebSite\",\"@id\":\"https:\\\/\\\/bcifoods.com\\\/#website\",\"url\":\"https:\\\/\\\/bcifoods.com\\\/\",\"name\":\"BCI Foods\",\"description\":\"The Brand behind the Brand\",\"publisher\":{\"@id\":\"https:\\\/\\\/bcifoods.com\\\/#organization\"},\"potentialAction\":[{\"@type\":\"SearchAction\",\"target\":{\"@type\":\"EntryPoint\",\"urlTemplate\":\"https:\\\/\\\/bcifoods.com\\\/?s={search_term_string}\"},\"query-input\":{\"@type\":\"PropertyValueSpecification\",\"valueRequired\":true,\"valueName\":\"search_term_string\"}}],\"inLanguage\":\"fr-FR\"},{\"@type\":\"Organization\",\"@id\":\"https:\\\/\\\/bcifoods.com\\\/#organization\",\"name\":\"BCI Foods\",\"url\":\"https:\\\/\\\/bcifoods.com\\\/\",\"logo\":{\"@type\":\"ImageObject\",\"inLanguage\":\"fr-FR\",\"@id\":\"https:\\\/\\\/bcifoods.com\\\/#\\\/schema\\\/logo\\\/image\\\/\",\"url\":\"https:\\\/\\\/bcifoods.com\\\/wp-content\\\/uploads\\\/2018\\\/10\\\/BCI_Foods_Logo_BL.png\",\"contentUrl\":\"https:\\\/\\\/bcifoods.com\\\/wp-content\\\/uploads\\\/2018\\\/10\\\/BCI_Foods_Logo_BL.png\",\"width\":1740,\"height\":1740,\"caption\":\"BCI Foods\"},\"image\":{\"@id\":\"https:\\\/\\\/bcifoods.com\\\/#\\\/schema\\\/logo\\\/image\\\/\"},\"sameAs\":[\"https:\\\/\\\/www.facebook.com\\\/people\\\/Les-Aliments-BCI-Foods-Inc\\\/100063662755441\\\/\"]}]}<\/script>\n<!-- \/ Yoast SEO plugin. -->","yoast_head_json":{"title":"LA MARQUE DERRI\u00c8RE LA MARQUE - BCI Foods","robots":{"index":"index","follow":"follow","max-snippet":"max-snippet:-1","max-image-preview":"max-image-preview:large","max-video-preview":"max-video-preview:-1"},"canonical":"https:\/\/bcifoods.com\/fr\/about-contact\/","og_locale":"fr_FR","og_type":"article","og_title":"LA MARQUE DERRI\u00c8RE LA MARQUE - BCI Foods","og_description":"Aliments BCI Inc. est ax\u00e9e sur la culture, l\u2019innovation et la croissance de marques maison en alimentation. Offrir une exp\u00e9rience gustative hors du commun est la cl\u00e9 de la r\u00e9ussite des distributeurs de marques maison qui connaissent du succ\u00e8s. Ces derniers reconnaissent qu\u2019il s\u2019agit l\u00e0 d\u2019une valeur qui doit s\u2019inscrire directement dans l\u2019ADN de l\u2019entreprise. [&hellip;]","og_url":"https:\/\/bcifoods.com\/fr\/about-contact\/","og_site_name":"BCI Foods","article_publisher":"https:\/\/www.facebook.com\/people\/Les-Aliments-BCI-Foods-Inc\/100063662755441\/","article_modified_time":"2025-03-07T21:30:05+00:00","twitter_card":"summary_large_image","twitter_misc":{"Dur\u00e9e de lecture estim\u00e9e":"1 minute"},"schema":{"@context":"https:\/\/schema.org","@graph":[{"@type":"WebPage","@id":"https:\/\/bcifoods.com\/fr\/about-contact\/","url":"https:\/\/bcifoods.com\/fr\/about-contact\/","name":"LA MARQUE DERRI\u00c8RE LA MARQUE - BCI Foods","isPartOf":{"@id":"https:\/\/bcifoods.com\/#website"},"datePublished":"2018-10-23T04:19:06+00:00","dateModified":"2025-03-07T21:30:05+00:00","breadcrumb":{"@id":"https:\/\/bcifoods.com\/fr\/about-contact\/#breadcrumb"},"inLanguage":"fr-FR","potentialAction":[{"@type":"ReadAction","target":["https:\/\/bcifoods.com\/fr\/about-contact\/"]}]},{"@type":"BreadcrumbList","@id":"https:\/\/bcifoods.com\/fr\/about-contact\/#breadcrumb","itemListElement":[{"@type":"ListItem","position":1,"name":"Home","item":"https:\/\/bcifoods.com\/fr\/"},{"@type":"ListItem","position":2,"name":"LA MARQUE DERRI\u00c8RE LA MARQUE"}]},{"@type":"WebSite","@id":"https:\/\/bcifoods.com\/#website","url":"https:\/\/bcifoods.com\/","name":"BCI Foods","description":"The Brand behind the Brand","publisher":{"@id":"https:\/\/bcifoods.com\/#organization"},"potentialAction":[{"@type":"SearchAction","target":{"@type":"EntryPoint","urlTemplate":"https:\/\/bcifoods.com\/?s={search_term_string}"},"query-input":{"@type":"PropertyValueSpecification","valueRequired":true,"valueName":"search_term_string"}}],"inLanguage":"fr-FR"},{"@type":"Organization","@id":"https:\/\/bcifoods.com\/#organization","name":"BCI Foods","url":"https:\/\/bcifoods.com\/","logo":{"@type":"ImageObject","inLanguage":"fr-FR","@id":"https:\/\/bcifoods.com\/#\/schema\/logo\/image\/","url":"https:\/\/bcifoods.com\/wp-content\/uploads\/2018\/10\/BCI_Foods_Logo_BL.png","contentUrl":"https:\/\/bcifoods.com\/wp-content\/uploads\/2018\/10\/BCI_Foods_Logo_BL.png","width":1740,"height":1740,"caption":"BCI Foods"},"image":{"@id":"https:\/\/bcifoods.com\/#\/schema\/logo\/image\/"},"sameAs":["https:\/\/www.facebook.com\/people\/Les-Aliments-BCI-Foods-Inc\/100063662755441\/"]}]}},"_links":{"self":[{"href":"https:\/\/bcifoods.com\/fr\/wp-json\/wp\/v2\/pages\/191","targetHints":{"allow":["GET"]}}],"collection":[{"href":"https:\/\/bcifoods.com\/fr\/wp-json\/wp\/v2\/pages"}],"about":[{"href":"https:\/\/bcifoods.com\/fr\/wp-json\/wp\/v2\/types\/page"}],"author":[{"embeddable":true,"href":"https:\/\/bcifoods.com\/fr\/wp-json\/wp\/v2\/users\/3"}],"replies":[{"embeddable":true,"href":"https:\/\/bcifoods.com\/fr\/wp-json\/wp\/v2\/comments?post=191"}],"version-history":[{"count":1,"href":"https:\/\/bcifoods.com\/fr\/wp-json\/wp\/v2\/pages\/191\/revisions"}],"predecessor-version":[{"id":1770,"href":"https:\/\/bcifoods.com\/fr\/wp-json\/wp\/v2\/pages\/191\/revisions\/1770"}],"wp:attachment":[{"href":"https:\/\/bcifoods.com\/fr\/wp-json\/wp\/v2\/media?parent=191"}],"curies":[{"name":"wp","href":"https:\/\/api.w.org\/{rel}","templated":true}]}}