{"id":1650,"date":"2024-05-31T00:04:12","date_gmt":"2024-05-31T04:04:12","guid":{"rendered":"https:\/\/bcifoods.com\/?page_id=1650"},"modified":"2026-04-13T20:26:56","modified_gmt":"2026-04-14T00:26:56","slug":"responsabilites","status":"publish","type":"page","link":"https:\/\/bcifoods.com\/fr\/responsabilites\/","title":{"rendered":"Politique d\u2019entreprise sur le travail forc\u00e9 et le travail des enfants"},"content":{"rendered":"\n<h2 class=\"wp-block-heading\">INTRODUCTION<\/h2>\n\n\n\n<p>Aliments BCI inc. (\u00ab <strong>BCI<\/strong> \u00bb) s\u2019engage \u00e0 respecter les normes et la l\u00e9gislation en mati\u00e8re de conduite et  responsabilit\u00e9s sociales, notamment la section 211 (S211) du Code criminel canadien qui interdit le  travail forc\u00e9 et le travail des enfants.<\/p>\n\n\n\n<p>Il s\u2019agit d\u2019un rapport pour l\u2019exercice du 1<sup>er<\/sup> avril 2025 au 31 mars 2026.<\/p>\n\n\n\n<h2 class=\"wp-block-heading\">STRUCTURE, ACTIVIT\u00c9S ET CHAINES D\u2019APPROVISIONNEMENT DE LES ALIMENTS BCI INC.<\/h2>\n\n\n\n<p>BCI est une entreprise priv\u00e9e qui \u0153uvre dans la transformation alimentaire \u00e0 titre de fabriquant de soupes et sauces en conserve et de repas pr\u00e9par\u00e9s en sachets flexibles. Les activit\u00e9s de fabrication sont bas\u00e9es \u00e0 Saint-Hyacinthe, au Qu\u00e9bec.<\/p>\n\n\n\n<p>Nous nous approvisionnons de diff\u00e9rents fournisseurs pour nos ingr\u00e9dients et autres mati\u00e8res premi\u00e8res. Nos fournisseurs se retrouvent partout \u00e0 travers le monde, mais sont majoritairement situ\u00e9 en Am\u00e9rique du Nord.<\/p>\n\n\n\n<p>Notre produit fini est par la suite envoy\u00e9 vers diff\u00e9rents centres de distribution.<\/p>\n\n\n\n<h2 class=\"wp-block-heading\">MESURES VISANT \u00c0 PR\u00c9VENIR ET \u00c0 R\u00c9DUIRE LES RISQUES DE TRAVAIL FORC\u00c9 ET DE TRAVAIL DES ENFANTS<\/h2>\n\n\n\n<p>Nous consid\u00e9rons le respect des droits de l&rsquo;homme comme une responsabilit\u00e9 fondamentale de l\u2019organisation.<\/p>\n\n\n\n<p>En ce qui concerne son personnel, BCI n&#8217;emploie que des personnes situ\u00e9es au Canada et aux \u00c9tats-Unis.  Nous offrons des conditions d&#8217;emploi qui d\u00e9passent les r\u00e8glements de la Loi sur les normes du travail (la  \u00a0\u00bb <strong>LNT<\/strong> \u00ab\u00a0), laquelle loi d\u00e9termine les normes minimales d&#8217;emploi pour tous les employ\u00e9s. Nous faisons  \u00e9galement l&rsquo;objet de plusieurs audits par an de la part de la CNESST, qui portent sur une multitude de  facteurs, tels que la s\u00e9curit\u00e9 et le harc\u00e8lement.  <\/p>\n\n\n\n<p>BCI interdit l\u2019emploi de personnes en dessous de l\u2019\u00e2ge minimum l\u00e9gal, tel que d\u00e9finis par les lois en vigueur. Nous appliquons \u00e9galement les dispositifs de la l\u00e9gislation concernant le travail forc\u00e9 et les horaires de travail.<\/p>\n\n\n\n<p>BCI recueille des informations sur le recrutement des travailleurs et maintien des contr\u00f4les internes pour s\u2019assurer que tous les travailleurs sont recrut\u00e9s volontairement.<\/p>\n\n\n\n<h2 class=\"wp-block-heading\">POLITIQUES ET PROTECTIONS<\/h2>\n\n\n\n<p>Nos politiques et r\u00e8glements sont partag\u00e9s avec tous les employ\u00e9s de l\u2019entreprise, notamment sur le respect des normes. Ces normes sont impos\u00e9es \u00e0 tous les employ\u00e9s.<\/p>\n\n\n\n<p>BCI est \u00e9galement audit\u00e9e pour la conformit\u00e9 \u00e9thique (audit SMETA 4 piliers, normes de travail et sant\u00e9\/s\u00e9curit\u00e9)<\/p>\n\n\n\n<p>Par ailleurs, un communiqu\u00e9 a \u00e9t\u00e9 achemin\u00e9 \u00e0 partenaires commerciaux sur la mise en conformit\u00e9 avec la Loi sur la lutte contre le travail forc\u00e9 et le travail des enfants dans les chaines d\u2019approvisionnement. Enfin, nous demandons \u00e0 tout employ\u00e9 qui a des doutes sur le travail des enfants ou le travail forc\u00e9 d&rsquo;en faire part \u00e0 la direction, aux ressources humaines ou \u00e0 tout repr\u00e9sentant l\u00e9gal de l&rsquo;entreprise.<\/p>\n\n\n\n<h2 class=\"wp-block-heading\">PROCESSUS DE DILIGENCE RAISONNABLE<\/h2>\n\n\n\n<p>Une \u00e9valuation des risques est en cours pour identifier les fournisseurs pr\u00e9sentant un risque de travail forc\u00e9 ou travail des enfants selon les secteurs et r\u00e9gions. <\/p>\n\n\n\n<p>BCI effectue une diligence raisonnable pour identifier les risques de travail forc\u00e9 chez nos partenaires commerciaux et au sein de nos activit\u00e9s. Cela inclus des communications avec nos fournisseurs et sous traitants face \u00e0 nos attentes sur la conformit\u00e9 avec nos politiques et lois applicables. <\/p>\n\n\n\n<h2 class=\"wp-block-heading\">R\u00c9PARATION ET RESPONSABILIT\u00c9 <\/h2>\n\n\n\n<p>Si le travail forc\u00e9 ou le travail des enfants est identifi\u00e9 \u00e0 travers nos partenaires commerciaux ou dans nos activit\u00e9s, BCI prendra les mesures correctives ad\u00e9quates. <\/p>\n\n\n\n<p>Nous proposons \u00e0 nos employ\u00e9s et \u00e0 nos fournisseurs de nous faire part de leurs pr\u00e9occupations en cas de probl\u00e8mes de violation d\u2019ordre \u00e9thique ou juridique. <\/p>\n\n\n\n<h2 class=\"wp-block-heading\">FORMATION ET SENSIBILISATION <\/h2>\n\n\n\n<p>BCI s\u2019engage \u00e0 sensibiliser les employ\u00e9s et les parties prenantes aux obligations l\u00e9gales et aux risques de travail forc\u00e9 et de travail des enfants.<\/p>\n\n\n\n<h2 class=\"wp-block-heading\">SURVEILLANCE DE LA CONFORMIT\u00c9 ET RAPPORTS<\/h2>\n\n\n\n<p>BCI r\u00e9vise les ententes avec les partenaires commerciaux pour assurer la conformit\u00e9 de cette politique.<\/p>\n\n\n\n<h2 class=\"wp-block-heading\">CONCLUSION<\/h2>\n\n\n\n<p>Conform\u00e9ment aux exigences de la Loi, et en particulier de son article 11, j\u2019atteste que j\u2019ai examin\u00e9 les renseignements contenus dans le rapport pour l\u2019entit\u00e9 ou les entit\u00e9s \u00e9num\u00e9r\u00e9es ci-dessus. \u00c0 ma connaissance, et apr\u00e8s avoir exerc\u00e9 une diligence raisonnable, je confirme que les renseignements contenus dans le rapport sont vrais, exacts et complets \u00e0 tous les \u00e9gards importants aux fins de l\u2019application de la Loi, pour l\u2019ann\u00e9e de d\u00e9claration susmentionn\u00e9e. <\/p>\n\n\n\n<div style=\"height:35px\" aria-hidden=\"true\" class=\"wp-block-spacer\"><\/div>\n\n\n\n<figure class=\"wp-block-image size-full is-resized\"><img loading=\"lazy\" decoding=\"async\" width=\"497\" height=\"156\" src=\"https:\/\/bcifoods.com\/wp-content\/smush-avif\/2026\/04\/Etienne-Caya-signature-1.jpg.avif\" alt=\"\" class=\"wp-image-1906\" style=\"width:180px\" srcset=\"https:\/\/bcifoods.com\/wp-content\/smush-avif\/2026\/04\/Etienne-Caya-signature-1.jpg.avif 497w, https:\/\/bcifoods.com\/wp-content\/smush-avif\/2026\/04\/Etienne-Caya-signature-1-300x94.jpg.avif 300w\" sizes=\"auto, (max-width: 497px) 100vw, 497px\" data-smush-avif-fallback=\"{&quot;src&quot;:&quot;https:\\\/\\\/bcifoods.com\\\/wp-content\\\/uploads\\\/2026\\\/04\\\/Etienne-Caya-signature-1.jpg&quot;,&quot;srcset&quot;:&quot;https:\\\/\\\/bcifoods.com\\\/wp-content\\\/uploads\\\/2026\\\/04\\\/Etienne-Caya-signature-1.jpg 497w, https:\\\/\\\/bcifoods.com\\\/wp-content\\\/uploads\\\/2026\\\/04\\\/Etienne-Caya-signature-1-300x94.jpg 300w&quot;}\" \/><\/figure>\n\n\n\n<p>Etienne Caya  <br>VP Produits &amp; Partenariats Strat\u00e9giques  <\/p>\n\n\n\n<p>13 avril 2026<\/p>\n","protected":false},"excerpt":{"rendered":"<p>INTRODUCTION Aliments BCI inc. (\u00ab BCI \u00bb) s\u2019engage \u00e0 respecter les normes et la l\u00e9gislation en mati\u00e8re de conduite et responsabilit\u00e9s sociales, notamment la section 211 (S211) du Code criminel canadien qui interdit le travail forc\u00e9 et le travail des enfants. Il s\u2019agit d\u2019un rapport pour l\u2019exercice du 1er avril 2025 au 31 mars 2026. [&hellip;]<\/p>\n","protected":false},"author":3,"featured_media":0,"parent":0,"menu_order":0,"comment_status":"closed","ping_status":"closed","template":"","meta":{"_acf_changed":false,"_genesis_hide_title":false,"_genesis_hide_breadcrumbs":false,"_genesis_hide_singular_image":false,"_genesis_hide_footer_widgets":false,"_genesis_custom_body_class":"","_genesis_custom_post_class":"","_genesis_layout":"","footnotes":""},"class_list":{"0":"post-1650","1":"page","2":"type-page","3":"status-publish","5":"entry"},"acf":[],"yoast_head":"<!-- This site is optimized with the Yoast SEO plugin v27.4 - https:\/\/yoast.com\/product\/yoast-seo-wordpress\/ -->\n<title>Politique d\u2019entreprise sur le travail forc\u00e9 et le travail des enfants - BCI Foods<\/title>\n<meta name=\"robots\" content=\"index, follow, max-snippet:-1, max-image-preview:large, max-video-preview:-1\" \/>\n<link rel=\"canonical\" href=\"https:\/\/bcifoods.com\/fr\/responsabilites\/\" \/>\n<meta property=\"og:locale\" content=\"fr_FR\" \/>\n<meta property=\"og:type\" content=\"article\" \/>\n<meta property=\"og:title\" content=\"Politique d\u2019entreprise sur le travail forc\u00e9 et le travail des enfants - BCI Foods\" \/>\n<meta property=\"og:description\" content=\"INTRODUCTION Aliments BCI inc. (\u00ab BCI \u00bb) s\u2019engage \u00e0 respecter les normes et la l\u00e9gislation en mati\u00e8re de conduite et responsabilit\u00e9s sociales, notamment la section 211 (S211) du Code criminel canadien qui interdit le travail forc\u00e9 et le travail des enfants. Il s\u2019agit d\u2019un rapport pour l\u2019exercice du 1er avril 2025 au 31 mars 2026. [&hellip;]\" \/>\n<meta property=\"og:url\" content=\"https:\/\/bcifoods.com\/fr\/responsabilites\/\" \/>\n<meta property=\"og:site_name\" content=\"BCI Foods\" \/>\n<meta property=\"article:publisher\" content=\"https:\/\/www.facebook.com\/people\/Les-Aliments-BCI-Foods-Inc\/100063662755441\/\" \/>\n<meta property=\"article:modified_time\" content=\"2026-04-14T00:26:56+00:00\" \/>\n<meta property=\"og:image\" content=\"https:\/\/bcifoods.com\/wp-content\/uploads\/2026\/04\/Etienne-Caya-signature-1.jpg\" \/>\n\t<meta property=\"og:image:width\" content=\"497\" \/>\n\t<meta property=\"og:image:height\" content=\"156\" \/>\n\t<meta property=\"og:image:type\" content=\"image\/jpeg\" \/>\n<meta name=\"twitter:card\" content=\"summary_large_image\" \/>\n<script type=\"application\/ld+json\" class=\"yoast-schema-graph\">{\"@context\":\"https:\\\/\\\/schema.org\",\"@graph\":[{\"@type\":\"WebPage\",\"@id\":\"https:\\\/\\\/bcifoods.com\\\/fr\\\/responsabilites\\\/\",\"url\":\"https:\\\/\\\/bcifoods.com\\\/fr\\\/responsabilites\\\/\",\"name\":\"Politique d\u2019entreprise sur le travail forc\u00e9 et le travail des enfants - BCI Foods\",\"isPartOf\":{\"@id\":\"https:\\\/\\\/bcifoods.com\\\/#website\"},\"primaryImageOfPage\":{\"@id\":\"https:\\\/\\\/bcifoods.com\\\/fr\\\/responsabilites\\\/#primaryimage\"},\"image\":{\"@id\":\"https:\\\/\\\/bcifoods.com\\\/fr\\\/responsabilites\\\/#primaryimage\"},\"thumbnailUrl\":\"https:\\\/\\\/bcifoods.com\\\/wp-content\\\/uploads\\\/2026\\\/04\\\/Etienne-Caya-signature-1.jpg\",\"datePublished\":\"2024-05-31T04:04:12+00:00\",\"dateModified\":\"2026-04-14T00:26:56+00:00\",\"breadcrumb\":{\"@id\":\"https:\\\/\\\/bcifoods.com\\\/fr\\\/responsabilites\\\/#breadcrumb\"},\"inLanguage\":\"fr-FR\",\"potentialAction\":[{\"@type\":\"ReadAction\",\"target\":[\"https:\\\/\\\/bcifoods.com\\\/fr\\\/responsabilites\\\/\"]}]},{\"@type\":\"ImageObject\",\"inLanguage\":\"fr-FR\",\"@id\":\"https:\\\/\\\/bcifoods.com\\\/fr\\\/responsabilites\\\/#primaryimage\",\"url\":\"https:\\\/\\\/bcifoods.com\\\/wp-content\\\/uploads\\\/2026\\\/04\\\/Etienne-Caya-signature-1.jpg\",\"contentUrl\":\"https:\\\/\\\/bcifoods.com\\\/wp-content\\\/uploads\\\/2026\\\/04\\\/Etienne-Caya-signature-1.jpg\"},{\"@type\":\"BreadcrumbList\",\"@id\":\"https:\\\/\\\/bcifoods.com\\\/fr\\\/responsabilites\\\/#breadcrumb\",\"itemListElement\":[{\"@type\":\"ListItem\",\"position\":1,\"name\":\"Home\",\"item\":\"https:\\\/\\\/bcifoods.com\\\/fr\\\/\"},{\"@type\":\"ListItem\",\"position\":2,\"name\":\"Politique d\u2019entreprise sur le travail forc\u00e9 et le travail des enfants\"}]},{\"@type\":\"WebSite\",\"@id\":\"https:\\\/\\\/bcifoods.com\\\/#website\",\"url\":\"https:\\\/\\\/bcifoods.com\\\/\",\"name\":\"BCI Foods\",\"description\":\"The Brand behind the Brand\",\"publisher\":{\"@id\":\"https:\\\/\\\/bcifoods.com\\\/#organization\"},\"potentialAction\":[{\"@type\":\"SearchAction\",\"target\":{\"@type\":\"EntryPoint\",\"urlTemplate\":\"https:\\\/\\\/bcifoods.com\\\/?s={search_term_string}\"},\"query-input\":{\"@type\":\"PropertyValueSpecification\",\"valueRequired\":true,\"valueName\":\"search_term_string\"}}],\"inLanguage\":\"fr-FR\"},{\"@type\":\"Organization\",\"@id\":\"https:\\\/\\\/bcifoods.com\\\/#organization\",\"name\":\"BCI Foods\",\"url\":\"https:\\\/\\\/bcifoods.com\\\/\",\"logo\":{\"@type\":\"ImageObject\",\"inLanguage\":\"fr-FR\",\"@id\":\"https:\\\/\\\/bcifoods.com\\\/#\\\/schema\\\/logo\\\/image\\\/\",\"url\":\"https:\\\/\\\/bcifoods.com\\\/wp-content\\\/uploads\\\/2018\\\/10\\\/BCI_Foods_Logo_BL.png\",\"contentUrl\":\"https:\\\/\\\/bcifoods.com\\\/wp-content\\\/uploads\\\/2018\\\/10\\\/BCI_Foods_Logo_BL.png\",\"width\":1740,\"height\":1740,\"caption\":\"BCI Foods\"},\"image\":{\"@id\":\"https:\\\/\\\/bcifoods.com\\\/#\\\/schema\\\/logo\\\/image\\\/\"},\"sameAs\":[\"https:\\\/\\\/www.facebook.com\\\/people\\\/Les-Aliments-BCI-Foods-Inc\\\/100063662755441\\\/\"]}]}<\/script>\n<!-- \/ Yoast SEO plugin. -->","yoast_head_json":{"title":"Politique d\u2019entreprise sur le travail forc\u00e9 et le travail des enfants - BCI Foods","robots":{"index":"index","follow":"follow","max-snippet":"max-snippet:-1","max-image-preview":"max-image-preview:large","max-video-preview":"max-video-preview:-1"},"canonical":"https:\/\/bcifoods.com\/fr\/responsabilites\/","og_locale":"fr_FR","og_type":"article","og_title":"Politique d\u2019entreprise sur le travail forc\u00e9 et le travail des enfants - BCI Foods","og_description":"INTRODUCTION Aliments BCI inc. (\u00ab BCI \u00bb) s\u2019engage \u00e0 respecter les normes et la l\u00e9gislation en mati\u00e8re de conduite et responsabilit\u00e9s sociales, notamment la section 211 (S211) du Code criminel canadien qui interdit le travail forc\u00e9 et le travail des enfants. Il s\u2019agit d\u2019un rapport pour l\u2019exercice du 1er avril 2025 au 31 mars 2026. [&hellip;]","og_url":"https:\/\/bcifoods.com\/fr\/responsabilites\/","og_site_name":"BCI Foods","article_publisher":"https:\/\/www.facebook.com\/people\/Les-Aliments-BCI-Foods-Inc\/100063662755441\/","article_modified_time":"2026-04-14T00:26:56+00:00","og_image":[{"width":497,"height":156,"url":"https:\/\/bcifoods.com\/wp-content\/uploads\/2026\/04\/Etienne-Caya-signature-1.jpg","type":"image\/jpeg"}],"twitter_card":"summary_large_image","schema":{"@context":"https:\/\/schema.org","@graph":[{"@type":"WebPage","@id":"https:\/\/bcifoods.com\/fr\/responsabilites\/","url":"https:\/\/bcifoods.com\/fr\/responsabilites\/","name":"Politique d\u2019entreprise sur le travail forc\u00e9 et le travail des enfants - BCI Foods","isPartOf":{"@id":"https:\/\/bcifoods.com\/#website"},"primaryImageOfPage":{"@id":"https:\/\/bcifoods.com\/fr\/responsabilites\/#primaryimage"},"image":{"@id":"https:\/\/bcifoods.com\/fr\/responsabilites\/#primaryimage"},"thumbnailUrl":"https:\/\/bcifoods.com\/wp-content\/uploads\/2026\/04\/Etienne-Caya-signature-1.jpg","datePublished":"2024-05-31T04:04:12+00:00","dateModified":"2026-04-14T00:26:56+00:00","breadcrumb":{"@id":"https:\/\/bcifoods.com\/fr\/responsabilites\/#breadcrumb"},"inLanguage":"fr-FR","potentialAction":[{"@type":"ReadAction","target":["https:\/\/bcifoods.com\/fr\/responsabilites\/"]}]},{"@type":"ImageObject","inLanguage":"fr-FR","@id":"https:\/\/bcifoods.com\/fr\/responsabilites\/#primaryimage","url":"https:\/\/bcifoods.com\/wp-content\/uploads\/2026\/04\/Etienne-Caya-signature-1.jpg","contentUrl":"https:\/\/bcifoods.com\/wp-content\/uploads\/2026\/04\/Etienne-Caya-signature-1.jpg"},{"@type":"BreadcrumbList","@id":"https:\/\/bcifoods.com\/fr\/responsabilites\/#breadcrumb","itemListElement":[{"@type":"ListItem","position":1,"name":"Home","item":"https:\/\/bcifoods.com\/fr\/"},{"@type":"ListItem","position":2,"name":"Politique d\u2019entreprise sur le travail forc\u00e9 et le travail des enfants"}]},{"@type":"WebSite","@id":"https:\/\/bcifoods.com\/#website","url":"https:\/\/bcifoods.com\/","name":"BCI Foods","description":"The Brand behind the Brand","publisher":{"@id":"https:\/\/bcifoods.com\/#organization"},"potentialAction":[{"@type":"SearchAction","target":{"@type":"EntryPoint","urlTemplate":"https:\/\/bcifoods.com\/?s={search_term_string}"},"query-input":{"@type":"PropertyValueSpecification","valueRequired":true,"valueName":"search_term_string"}}],"inLanguage":"fr-FR"},{"@type":"Organization","@id":"https:\/\/bcifoods.com\/#organization","name":"BCI Foods","url":"https:\/\/bcifoods.com\/","logo":{"@type":"ImageObject","inLanguage":"fr-FR","@id":"https:\/\/bcifoods.com\/#\/schema\/logo\/image\/","url":"https:\/\/bcifoods.com\/wp-content\/uploads\/2018\/10\/BCI_Foods_Logo_BL.png","contentUrl":"https:\/\/bcifoods.com\/wp-content\/uploads\/2018\/10\/BCI_Foods_Logo_BL.png","width":1740,"height":1740,"caption":"BCI Foods"},"image":{"@id":"https:\/\/bcifoods.com\/#\/schema\/logo\/image\/"},"sameAs":["https:\/\/www.facebook.com\/people\/Les-Aliments-BCI-Foods-Inc\/100063662755441\/"]}]}},"_links":{"self":[{"href":"https:\/\/bcifoods.com\/fr\/wp-json\/wp\/v2\/pages\/1650","targetHints":{"allow":["GET"]}}],"collection":[{"href":"https:\/\/bcifoods.com\/fr\/wp-json\/wp\/v2\/pages"}],"about":[{"href":"https:\/\/bcifoods.com\/fr\/wp-json\/wp\/v2\/types\/page"}],"author":[{"embeddable":true,"href":"https:\/\/bcifoods.com\/fr\/wp-json\/wp\/v2\/users\/3"}],"replies":[{"embeddable":true,"href":"https:\/\/bcifoods.com\/fr\/wp-json\/wp\/v2\/comments?post=1650"}],"version-history":[{"count":5,"href":"https:\/\/bcifoods.com\/fr\/wp-json\/wp\/v2\/pages\/1650\/revisions"}],"predecessor-version":[{"id":1927,"href":"https:\/\/bcifoods.com\/fr\/wp-json\/wp\/v2\/pages\/1650\/revisions\/1927"}],"wp:attachment":[{"href":"https:\/\/bcifoods.com\/fr\/wp-json\/wp\/v2\/media?parent=1650"}],"curies":[{"name":"wp","href":"https:\/\/api.w.org\/{rel}","templated":true}]}}