{"id":1410,"date":"2023-12-13T20:03:53","date_gmt":"2023-12-14T01:03:53","guid":{"rendered":"https:\/\/stage.bcifoods.com\/?page_id=1410"},"modified":"2023-12-22T11:03:14","modified_gmt":"2023-12-22T16:03:14","slug":"politique-de-confidentialite","status":"publish","type":"page","link":"https:\/\/bcifoods.com\/fr\/politique-de-confidentialite\/","title":{"rendered":"Politique de confidentialit\u00e9"},"content":{"rendered":"\n<h2 class=\"wp-block-heading\"><strong><strong>Qu\u2019est-ce qu\u2019un renseignement personnel?<\/strong><\/strong><\/h2>\n\n\n\n<p>Il s\u2019agit de toute information qui permet d\u2019identifier une personne physique, directement ou indirectement, par exemple, votre nom, votre adresse, votre num\u00e9ro de t\u00e9l\u00e9phone, votre historique de navigation, etc.<\/p>\n\n\n\n<h2 class=\"wp-block-heading\"><strong><strong>Quels renseignements personnels recueillons-nous et pourquoi?<\/strong><\/strong><\/h2>\n\n\n\n<p>Nous pouvons recueillir les cat\u00e9gories de renseignements personnels suivants :<\/p>\n\n\n\n<figure class=\"wp-block-table\"><table><thead><tr><th><strong><strong>Lesquels?<\/strong><\/strong><\/th><th><strong><strong>Pourquoi?<\/strong><\/strong><\/th><\/tr><\/thead><tbody><tr><td><strong><strong>Renseignements li\u00e9s \u00e0 la consommation de nos produits<\/strong><\/strong><\/td><td><\/td><\/tr><tr><td>Lorsque vous communiquez avec nous&nbsp;:<\/td><td><\/td><\/tr><tr><td>&#8211; Nom<br>&#8211; Num\u00e9ro de t\u00e9l\u00e9phone<br>&#8211; Adresse r\u00e9sidentielle&nbsp;<br>&#8211; Adresse courriel<br>&#8211; Tout autre renseignement que vous nous communiquez<\/td><td>&#8211; R\u00e9pondre et traiter les demandes et commentaires relatifs \u00e0 nos produits<\/td><\/tr><tr><td><strong><strong>Renseignements d\u2019utilisation<\/strong><\/strong><\/td><td><\/td><\/tr><tr><td>Lorsque vous naviguez sur notre site Internet, nous recueillons des renseignements d\u2019utilisation tels&nbsp;:<\/td><td><\/td><\/tr><tr><td>&#8211; Nombre de visiteurs sur nos sites<br>&#8211; Pages visit\u00e9es<\/td><td>&#8211; Identifier les internautes d\u00e9sirant obtenir nos produits et\/ou services.<br>&#8211; Personnaliser votre acc\u00e8s \u00e0 nos sites.&nbsp;<br>&#8211; Adapter le contenu mis \u00e0 votre disposition et ainsi augmenter votre satisfaction.&nbsp;<\/td><\/tr><tr><td><strong><strong>Renseignements li\u00e9s \u00e0 votre candidature<\/strong><\/strong><\/td><td><\/td><\/tr><tr><td>Lorsque vous postulez un emploi, un stage ou un autre poste chez nous, nous recueillons&nbsp;:<\/td><td><\/td><\/tr><tr><td>&#8211; CV et r\u00e9f\u00e9rences<br>&#8211; Lettre de motivation<br>&#8211; Adresse courriel<br>&#8211; Num\u00e9ro de t\u00e9l\u00e9phone<br>&#8211; Dans certains cas, les r\u00e9sultats de la v\u00e9rification des ant\u00e9c\u00e9dents<br>&#8211; Renseignements discut\u00e9s lors d\u2019une conversation t\u00e9l\u00e9phonique de v\u00e9rification des r\u00e9f\u00e9rences, par exemple, au sujet de votre performance au travail<br>&#8211; Informations bancaires (pour le versement des salaires)<br>&#8211; Statut de r\u00e9sident, de citoyen ou existence d\u2019un permis de travail<\/td><td>&#8211; \u00c9valuer votre candidature et vous contacter dans le cadre du processus de recrutement.<\/td><\/tr><\/tbody><\/table><\/figure>\n\n\n\n<h2 class=\"wp-block-heading\"><strong><strong>Recueillons-nous des renseignements personnels de personnes mineures?<\/strong><\/strong><\/h2>\n\n\n\n<p>Le site web n\u2019est pas destin\u00e9 aux enfants de moins de 14 ans.<\/p>\n\n\n\n<h2 class=\"wp-block-heading\"><strong><strong>Comment prot\u00e9geons-nous vos renseignements personnels?<\/strong><\/strong><\/h2>\n\n\n\n<p><em>Aliments BCI<\/em>&nbsp;s\u2019engage \u00e0 garder en s\u00e9curit\u00e9 tous les renseignements personnels qu\u2019elle recueille. De plus, nous nous engageons \u00e0 prendre des pr\u00e9cautions appropri\u00e9es pour les prot\u00e9ger \u00e0 l\u2019\u00e9gard de la perte, la fraude ou l\u2019usage non d\u00e9sir\u00e9.<\/p>\n\n\n\n<p><strong>Nous limitons l\u2019acc\u00e8s \u00e0 vos renseignements personnels<\/strong>. Seuls les membres du personnel qui doivent traiter vos renseignements personnels pour remplir leurs fonctions peuvent y acc\u00e9der. Ces personnes ont seulement acc\u00e8s aux renseignements n\u00e9cessaires pour r\u00e9aliser leurs t\u00e2ches.<\/p>\n\n\n\n<p>Nous avons \u00e9tabli les r\u00f4les et responsabilit\u00e9s des membres du personnel tout au long du cycle de vie de vos renseignements personnels, de leur collecte \u00e0 leur destruction. Ces r\u00f4les et responsabilit\u00e9s sont d\u00e9crits dans notre cadre de gouvernance en mati\u00e8re de protection des renseignements personnels. Nous les r\u00e9visons r\u00e9guli\u00e8rement pour les mettre \u00e0 jour.<\/p>\n\n\n\n<p><strong>Nous mettons en place des mesures de s\u00e9curit\u00e9 robustes<\/strong>. Nous avons mis en place plusieurs types de mesures pour prot\u00e9ger vos renseignements personnels contre la perte, le vol et tout acc\u00e8s, utilisation ou communication non autoris\u00e9. Elles incluent&nbsp;:<\/p>\n\n\n\n<ul class=\"wp-block-list\">\n<li>des mesures physiques, par exemple, des locaux verrouill\u00e9s;<\/li>\n\n\n\n<li>des mesures technologiques, par exemple, des pares-feux;<\/li>\n\n\n\n<li>des mesures organisationnelles, par exemple, l\u2019adoption d\u2019une politique de s\u00e9curit\u00e9 de l\u2019information.&nbsp;<\/li>\n<\/ul>\n\n\n\n<p>Nous d\u00e9truisons vos renseignements personnels apr\u00e8s avoir rempli nos obligations. Pour en savoir, consulter la section&nbsp;<strong>Comment conservons-nous vos renseignements personnels?<\/strong><\/p>\n\n\n\n<h2 class=\"wp-block-heading\"><strong>O\u00f9 vos renseignements personnels sont-ils conserv\u00e9s?<\/strong><\/h2>\n\n\n\n<p>Nous conservons habituellement vos renseignements personnels au Qu\u00e9bec. Cependant, nous pouvons parfois communiquer vos renseignements personnels \u00e0 l\u2019ext\u00e9rieur du Qu\u00e9bec ou de votre province de r\u00e9sidence.<\/p>\n\n\n\n<p>Dans ce cas, vos renseignements personnels sont aussi soumis aux lois de cette province ou de cet autre endroit.<\/p>\n\n\n\n<p>Avant de communiquer vos renseignements personnels, nous prenons des mesures de protection. Nous signons aussi un contrat ou une entente qui inclut des mesures de s\u00e9curit\u00e9 appropri\u00e9es aux renseignements communiqu\u00e9s.<\/p>\n\n\n\n<h2 class=\"wp-block-heading\"><strong><strong>Comment conservons-nous vos renseignements personnels?<\/strong><\/strong><\/h2>\n\n\n\n<p>Nous conservons vos renseignements personnels aussi longtemps que n\u00e9cessaire pour atteindre les buts d\u00e9crits dans cette politique. M\u00eame si vous n\u2019avez plus de lien avec nous, nous devons conserver vos renseignements personnels pendant une certaine p\u00e9riode pour respecter nos obligations de conservation d\u00e9crites dans la loi et dans notre calendrier de conservation. Tant que nous les conservons, nous continuons de prot\u00e9ger vos renseignements personnels et d\u2019en assurer la confidentialit\u00e9.<\/p>\n\n\n\n<p>Lorsque nous n\u2019aurons plus besoin de ces renseignements, nous les d\u00e9truisons de fa\u00e7on d\u00e9finitive et s\u00e9curitaire.&nbsp;<\/p>\n\n\n\n<h2 class=\"wp-block-heading\"><strong><strong>Avons-nous recours \u00e0 des technologies automatis\u00e9es?<\/strong><\/strong><\/h2>\n\n\n\n<p>Nous pouvons utiliser des t\u00e9moins (cookies) lors de vos activit\u00e9s sur le site Web, dans le respect de votre vie priv\u00e9e.<\/p>\n\n\n\n<h2 class=\"wp-block-heading\"><strong><strong>Quels&nbsp;sont&nbsp;vos droits \u00e0 l\u2019\u00e9gard de vos renseignements personnels?<\/strong><\/strong><\/h2>\n\n\n\n<figure class=\"wp-block-table\"><table><thead><tr><th><strong>Retirer votre consentement<\/strong><\/th><th><strong>Acc\u00e9der et corriger vos informations personnelles<\/strong><\/th><\/tr><\/thead><tbody><tr><td>Vous pouvez demander \u00e0 retirer votre consentement \u00e0 l\u2019utilisation, \u00e0 la communication et \u00e0 la conservation de vos renseignements personnels.<br>Le traitement de cette demande d\u00e9pend de la situation et du but vis\u00e9.&nbsp;<br>Selon le cas :<br>&#8211; vous pouvez retirer votre consentement, mais nous ne pourrons plus vous offrir un service qui en d\u00e9pend<br>&#8211; vous ne pouvez pas retirer votre consentement, car le traitement de vos renseignements personnels est n\u00e9cessaire ou obligatoire (par exemple, nous devons conserver certains renseignements financiers \u00e0 des fins fiscales).<br>Dans tous les cas, nous pourrions devoir conserver certains renseignements personnels pour respecter nos obligations impos\u00e9es par la loi.&nbsp;<\/td><td>Vous pouvez demander l\u2019acc\u00e8s \u00e0 vos renseignements personnels que nous d\u00e9tenons \u00e0 votre sujet et en obtenir copie.<br>Si un renseignement personnel vous concernant est inexact, incomplet ou \u00e9quivoque, ou si sa collecte, sa communication ou sa conservation ne sont pas autoris\u00e9es par la loi, vous pouvez demander qu\u2019il soit rectifi\u00e9.<\/td><\/tr><\/tbody><\/table><\/figure>\n\n\n\n<h2 class=\"wp-block-heading\"><strong><strong>Mettrons-nous \u00e0 jour cette politique?<\/strong><\/strong><\/h2>\n\n\n\n<p>Comme les pr\u00e9occupations en mati\u00e8re de protection des renseignements personnels, les pratiques d\u2019affaires et la loi \u00e9voluent constamment, nous pourrions devoir modifier cette politique de confidentialit\u00e9. Si nous y apportons des changements importants, nous en ferons l\u2019annonce en diffusant un avis de mise \u00e0 jour sur notre site web et par tout moyen propre \u00e0 atteindre les personnes concern\u00e9es.<\/p>\n\n\n\n<p>Si cette politique venait \u00e0 changer, la version \u00e0 jour, telle qu\u2019affich\u00e9e en ligne, s\u2019appliquera \u00e0 vous.<\/p>\n\n\n\n<h2 class=\"wp-block-heading\"><strong><strong>Comment nous contacter?<\/strong><\/strong><\/h2>\n\n\n\n<p>Pour toute question, pour formuler des commentaires ou pour \u00e9mettre une plainte au sujet de cette politique, vous pouvez communiquer avec la personne responsable de la protection des renseignements personnels :<\/p>\n\n\n\n<p><strong>Aliments BCI inc.<\/strong><br>4800, avenue Pinard<br>St-Hyacinthe (QC) J2S 0E1<br>450 796-3210<br><a href=\"mailto:confidentialite@bcifoods.com\">confidentialite@bcifoods.com<\/a><\/p>\n","protected":false},"excerpt":{"rendered":"<p>Qu\u2019est-ce qu\u2019un renseignement personnel? Il s\u2019agit de toute information qui permet d\u2019identifier une personne physique, directement ou indirectement, par exemple, votre nom, votre adresse, votre num\u00e9ro de t\u00e9l\u00e9phone, votre historique de navigation, etc. Quels renseignements personnels recueillons-nous et pourquoi? Nous pouvons recueillir les cat\u00e9gories de renseignements personnels suivants : Lesquels? Pourquoi? Renseignements li\u00e9s \u00e0 la [&hellip;]<\/p>\n","protected":false},"author":3,"featured_media":0,"parent":0,"menu_order":0,"comment_status":"closed","ping_status":"closed","template":"","meta":{"_acf_changed":false,"_genesis_hide_title":false,"_genesis_hide_breadcrumbs":false,"_genesis_hide_singular_image":false,"_genesis_hide_footer_widgets":false,"_genesis_custom_body_class":"","_genesis_custom_post_class":"","_genesis_layout":"","footnotes":""},"class_list":{"0":"post-1410","1":"page","2":"type-page","3":"status-publish","5":"entry"},"acf":[],"yoast_head":"<!-- This site is optimized with the Yoast SEO plugin v27.3 - https:\/\/yoast.com\/product\/yoast-seo-wordpress\/ -->\n<title>Politique de confidentialit\u00e9 - BCI Foods<\/title>\n<meta name=\"robots\" content=\"index, follow, max-snippet:-1, max-image-preview:large, max-video-preview:-1\" \/>\n<link rel=\"canonical\" href=\"https:\/\/bcifoods.com\/fr\/politique-de-confidentialite\/\" \/>\n<meta property=\"og:locale\" content=\"fr_FR\" \/>\n<meta property=\"og:type\" content=\"article\" \/>\n<meta property=\"og:title\" content=\"Politique de confidentialit\u00e9 - BCI Foods\" \/>\n<meta property=\"og:description\" content=\"Qu\u2019est-ce qu\u2019un renseignement personnel? Il s\u2019agit de toute information qui permet d\u2019identifier une personne physique, directement ou indirectement, par exemple, votre nom, votre adresse, votre num\u00e9ro de t\u00e9l\u00e9phone, votre historique de navigation, etc. Quels renseignements personnels recueillons-nous et pourquoi? Nous pouvons recueillir les cat\u00e9gories de renseignements personnels suivants : Lesquels? Pourquoi? Renseignements li\u00e9s \u00e0 la [&hellip;]\" \/>\n<meta property=\"og:url\" content=\"https:\/\/bcifoods.com\/fr\/politique-de-confidentialite\/\" \/>\n<meta property=\"og:site_name\" content=\"BCI Foods\" \/>\n<meta property=\"article:publisher\" content=\"https:\/\/www.facebook.com\/people\/Les-Aliments-BCI-Foods-Inc\/100063662755441\/\" \/>\n<meta property=\"article:modified_time\" content=\"2023-12-22T16:03:14+00:00\" \/>\n<meta name=\"twitter:card\" content=\"summary_large_image\" \/>\n<meta name=\"twitter:label1\" content=\"Dur\u00e9e de lecture estim\u00e9e\" \/>\n\t<meta name=\"twitter:data1\" content=\"5 minutes\" \/>\n<script type=\"application\/ld+json\" class=\"yoast-schema-graph\">{\"@context\":\"https:\\\/\\\/schema.org\",\"@graph\":[{\"@type\":\"WebPage\",\"@id\":\"https:\\\/\\\/bcifoods.com\\\/fr\\\/politique-de-confidentialite\\\/\",\"url\":\"https:\\\/\\\/bcifoods.com\\\/fr\\\/politique-de-confidentialite\\\/\",\"name\":\"Politique de confidentialit\u00e9 - BCI Foods\",\"isPartOf\":{\"@id\":\"https:\\\/\\\/bcifoods.com\\\/#website\"},\"datePublished\":\"2023-12-14T01:03:53+00:00\",\"dateModified\":\"2023-12-22T16:03:14+00:00\",\"breadcrumb\":{\"@id\":\"https:\\\/\\\/bcifoods.com\\\/fr\\\/politique-de-confidentialite\\\/#breadcrumb\"},\"inLanguage\":\"fr-FR\",\"potentialAction\":[{\"@type\":\"ReadAction\",\"target\":[\"https:\\\/\\\/bcifoods.com\\\/fr\\\/politique-de-confidentialite\\\/\"]}]},{\"@type\":\"BreadcrumbList\",\"@id\":\"https:\\\/\\\/bcifoods.com\\\/fr\\\/politique-de-confidentialite\\\/#breadcrumb\",\"itemListElement\":[{\"@type\":\"ListItem\",\"position\":1,\"name\":\"Home\",\"item\":\"https:\\\/\\\/bcifoods.com\\\/fr\\\/\"},{\"@type\":\"ListItem\",\"position\":2,\"name\":\"Politique de confidentialit\u00e9\"}]},{\"@type\":\"WebSite\",\"@id\":\"https:\\\/\\\/bcifoods.com\\\/#website\",\"url\":\"https:\\\/\\\/bcifoods.com\\\/\",\"name\":\"BCI Foods\",\"description\":\"The Brand behind the Brand\",\"publisher\":{\"@id\":\"https:\\\/\\\/bcifoods.com\\\/#organization\"},\"potentialAction\":[{\"@type\":\"SearchAction\",\"target\":{\"@type\":\"EntryPoint\",\"urlTemplate\":\"https:\\\/\\\/bcifoods.com\\\/?s={search_term_string}\"},\"query-input\":{\"@type\":\"PropertyValueSpecification\",\"valueRequired\":true,\"valueName\":\"search_term_string\"}}],\"inLanguage\":\"fr-FR\"},{\"@type\":\"Organization\",\"@id\":\"https:\\\/\\\/bcifoods.com\\\/#organization\",\"name\":\"BCI Foods\",\"url\":\"https:\\\/\\\/bcifoods.com\\\/\",\"logo\":{\"@type\":\"ImageObject\",\"inLanguage\":\"fr-FR\",\"@id\":\"https:\\\/\\\/bcifoods.com\\\/#\\\/schema\\\/logo\\\/image\\\/\",\"url\":\"https:\\\/\\\/bcifoods.com\\\/wp-content\\\/uploads\\\/2018\\\/10\\\/BCI_Foods_Logo_BL.png\",\"contentUrl\":\"https:\\\/\\\/bcifoods.com\\\/wp-content\\\/uploads\\\/2018\\\/10\\\/BCI_Foods_Logo_BL.png\",\"width\":1740,\"height\":1740,\"caption\":\"BCI Foods\"},\"image\":{\"@id\":\"https:\\\/\\\/bcifoods.com\\\/#\\\/schema\\\/logo\\\/image\\\/\"},\"sameAs\":[\"https:\\\/\\\/www.facebook.com\\\/people\\\/Les-Aliments-BCI-Foods-Inc\\\/100063662755441\\\/\"]}]}<\/script>\n<!-- \/ Yoast SEO plugin. -->","yoast_head_json":{"title":"Politique de confidentialit\u00e9 - BCI Foods","robots":{"index":"index","follow":"follow","max-snippet":"max-snippet:-1","max-image-preview":"max-image-preview:large","max-video-preview":"max-video-preview:-1"},"canonical":"https:\/\/bcifoods.com\/fr\/politique-de-confidentialite\/","og_locale":"fr_FR","og_type":"article","og_title":"Politique de confidentialit\u00e9 - BCI Foods","og_description":"Qu\u2019est-ce qu\u2019un renseignement personnel? Il s\u2019agit de toute information qui permet d\u2019identifier une personne physique, directement ou indirectement, par exemple, votre nom, votre adresse, votre num\u00e9ro de t\u00e9l\u00e9phone, votre historique de navigation, etc. Quels renseignements personnels recueillons-nous et pourquoi? Nous pouvons recueillir les cat\u00e9gories de renseignements personnels suivants : Lesquels? Pourquoi? Renseignements li\u00e9s \u00e0 la [&hellip;]","og_url":"https:\/\/bcifoods.com\/fr\/politique-de-confidentialite\/","og_site_name":"BCI Foods","article_publisher":"https:\/\/www.facebook.com\/people\/Les-Aliments-BCI-Foods-Inc\/100063662755441\/","article_modified_time":"2023-12-22T16:03:14+00:00","twitter_card":"summary_large_image","twitter_misc":{"Dur\u00e9e de lecture estim\u00e9e":"5 minutes"},"schema":{"@context":"https:\/\/schema.org","@graph":[{"@type":"WebPage","@id":"https:\/\/bcifoods.com\/fr\/politique-de-confidentialite\/","url":"https:\/\/bcifoods.com\/fr\/politique-de-confidentialite\/","name":"Politique de confidentialit\u00e9 - BCI Foods","isPartOf":{"@id":"https:\/\/bcifoods.com\/#website"},"datePublished":"2023-12-14T01:03:53+00:00","dateModified":"2023-12-22T16:03:14+00:00","breadcrumb":{"@id":"https:\/\/bcifoods.com\/fr\/politique-de-confidentialite\/#breadcrumb"},"inLanguage":"fr-FR","potentialAction":[{"@type":"ReadAction","target":["https:\/\/bcifoods.com\/fr\/politique-de-confidentialite\/"]}]},{"@type":"BreadcrumbList","@id":"https:\/\/bcifoods.com\/fr\/politique-de-confidentialite\/#breadcrumb","itemListElement":[{"@type":"ListItem","position":1,"name":"Home","item":"https:\/\/bcifoods.com\/fr\/"},{"@type":"ListItem","position":2,"name":"Politique de confidentialit\u00e9"}]},{"@type":"WebSite","@id":"https:\/\/bcifoods.com\/#website","url":"https:\/\/bcifoods.com\/","name":"BCI Foods","description":"The Brand behind the Brand","publisher":{"@id":"https:\/\/bcifoods.com\/#organization"},"potentialAction":[{"@type":"SearchAction","target":{"@type":"EntryPoint","urlTemplate":"https:\/\/bcifoods.com\/?s={search_term_string}"},"query-input":{"@type":"PropertyValueSpecification","valueRequired":true,"valueName":"search_term_string"}}],"inLanguage":"fr-FR"},{"@type":"Organization","@id":"https:\/\/bcifoods.com\/#organization","name":"BCI Foods","url":"https:\/\/bcifoods.com\/","logo":{"@type":"ImageObject","inLanguage":"fr-FR","@id":"https:\/\/bcifoods.com\/#\/schema\/logo\/image\/","url":"https:\/\/bcifoods.com\/wp-content\/uploads\/2018\/10\/BCI_Foods_Logo_BL.png","contentUrl":"https:\/\/bcifoods.com\/wp-content\/uploads\/2018\/10\/BCI_Foods_Logo_BL.png","width":1740,"height":1740,"caption":"BCI Foods"},"image":{"@id":"https:\/\/bcifoods.com\/#\/schema\/logo\/image\/"},"sameAs":["https:\/\/www.facebook.com\/people\/Les-Aliments-BCI-Foods-Inc\/100063662755441\/"]}]}},"_links":{"self":[{"href":"https:\/\/bcifoods.com\/fr\/wp-json\/wp\/v2\/pages\/1410","targetHints":{"allow":["GET"]}}],"collection":[{"href":"https:\/\/bcifoods.com\/fr\/wp-json\/wp\/v2\/pages"}],"about":[{"href":"https:\/\/bcifoods.com\/fr\/wp-json\/wp\/v2\/types\/page"}],"author":[{"embeddable":true,"href":"https:\/\/bcifoods.com\/fr\/wp-json\/wp\/v2\/users\/3"}],"replies":[{"embeddable":true,"href":"https:\/\/bcifoods.com\/fr\/wp-json\/wp\/v2\/comments?post=1410"}],"version-history":[{"count":0,"href":"https:\/\/bcifoods.com\/fr\/wp-json\/wp\/v2\/pages\/1410\/revisions"}],"wp:attachment":[{"href":"https:\/\/bcifoods.com\/fr\/wp-json\/wp\/v2\/media?parent=1410"}],"curies":[{"name":"wp","href":"https:\/\/api.w.org\/{rel}","templated":true}]}}