{"id":1310,"date":"2023-11-07T11:22:03","date_gmt":"2023-11-07T16:22:03","guid":{"rendered":"https:\/\/bcifoods.com\/?page_id=1310"},"modified":"2025-12-05T12:38:40","modified_gmt":"2025-12-05T17:38:40","slug":"contacts","status":"publish","type":"page","link":"https:\/\/bcifoods.com\/fr\/contacts\/","title":{"rendered":"Notre \u00e9quipe des ventes"},"content":{"rendered":"\n<div class=\"wp-block-group contact-card\"><div class=\"wp-block-group__inner-container is-layout-constrained wp-block-group-is-layout-constrained\">\n<div style=\"height:1px\" aria-hidden=\"true\" id=\"Faisal-Esmail\" class=\"wp-block-spacer raised-anchor\"><\/div>\n\n\n\n<h2 class=\"wp-block-heading\">Vice-pr\u00e9sident au d\u00e9veloppement de produits<\/h2>\n\n\n\n<p><strong>Etienne Caya<\/strong><\/p>\n\n\n\n<figure class=\"wp-block-table\"><table class=\"has-fixed-layout\"><tbody><tr><td>Courriel:<\/td><td><a href=\"mailto:etienne.caya@bcifoods.com\" target=\"_blank\" rel=\"noreferrer noopener\">etienne.caya@bcifoods.com<\/a><\/td><\/tr><\/tbody><\/table><\/figure>\n<\/div><\/div>\n\n\n\n<div class=\"wp-block-group contact-card\"><div class=\"wp-block-group__inner-container is-layout-constrained wp-block-group-is-layout-constrained\">\n<div style=\"height:1px\" aria-hidden=\"true\" id=\"Marco-De-Palma\" class=\"wp-block-spacer raised-anchor\"><\/div>\n\n\n\n<h2 class=\"wp-block-heading\">Vice-pr\u00e9sident aux ventes \u2013 Canada<\/h2>\n\n\n\n<p><strong>Dominique Charron<\/strong><\/p>\n\n\n\n<figure class=\"wp-block-table\"><table class=\"has-fixed-layout\"><tbody><tr><td>Courriel:<\/td><td><a href=\"mailto:dominique.charron@bcifoods.com\">dominique.charron@bcifoods.com<\/a><\/td><\/tr><\/tbody><\/table><\/figure>\n<\/div><\/div>\n\n\n\n<div class=\"wp-block-group contact-card\"><div class=\"wp-block-group__inner-container is-layout-constrained wp-block-group-is-layout-constrained\">\n<div style=\"height:1px\" aria-hidden=\"true\" id=\"Faisal-Esmail\" class=\"wp-block-spacer raised-anchor\"><\/div>\n\n\n\n<h2 class=\"wp-block-heading\">Vice-pr\u00e9sident aux ventes \u2013 USA<\/h2>\n\n\n\n<p><strong>Bryan Flowers<\/strong><\/p>\n\n\n\n<figure class=\"wp-block-table\"><table class=\"has-fixed-layout\"><tbody><tr><td>Courriel:<\/td><td><a href=\"mailto:bryan.flowers@bcifoods.com\">bryan.flowers@bcifoods.com<\/a><\/td><\/tr><\/tbody><\/table><\/figure>\n<\/div><\/div>\n\n\n\n<div class=\"wp-block-group contact-card\"><div class=\"wp-block-group__inner-container is-layout-constrained wp-block-group-is-layout-constrained\">\n<div style=\"height:1px\" aria-hidden=\"true\" id=\"Marco-De-Palma\" class=\"wp-block-spacer raised-anchor\"><\/div>\n\n\n\n<h2 class=\"wp-block-heading\">Vice-pr\u00e9sidente aux ventes<\/h2>\n\n\n\n<p><strong>Marie-Lou Corbin<\/strong><\/p>\n\n\n\n<figure class=\"wp-block-table\"><table class=\"has-fixed-layout\"><tbody><tr><td>Courriel:<\/td><td><a href=\"mailto:marie-lou.corbin@bcifoods.com\">marie-lou.corbin@bcifoods.com<\/a><\/td><\/tr><\/tbody><\/table><\/figure>\n<\/div><\/div>\n\n\n\n<div style=\"height:75px\" aria-hidden=\"true\" class=\"wp-block-spacer\"><\/div>\n\n\n\n<hr class=\"wp-block-separator has-text-color has-cyan-bluish-gray-color has-alpha-channel-opacity has-cyan-bluish-gray-background-color has-background\"\/>\n","protected":false},"excerpt":{"rendered":"<p>Vice-pr\u00e9sident au d\u00e9veloppement de produits Etienne Caya Courriel: etienne.caya@bcifoods.com Vice-pr\u00e9sident aux ventes \u2013 Canada Dominique Charron Courriel: dominique.charron@bcifoods.com Vice-pr\u00e9sident aux ventes \u2013 USA Bryan Flowers Courriel: bryan.flowers@bcifoods.com Vice-pr\u00e9sidente aux ventes Marie-Lou Corbin Courriel: marie-lou.corbin@bcifoods.com<\/p>\n","protected":false},"author":3,"featured_media":0,"parent":0,"menu_order":0,"comment_status":"closed","ping_status":"closed","template":"bcif-partners-page.php","meta":{"_acf_changed":false,"_genesis_hide_title":false,"_genesis_hide_breadcrumbs":false,"_genesis_hide_singular_image":false,"_genesis_hide_footer_widgets":false,"_genesis_custom_body_class":"","_genesis_custom_post_class":"","_genesis_layout":"","footnotes":""},"class_list":{"0":"post-1310","1":"page","2":"type-page","3":"status-publish","5":"entry"},"acf":[],"yoast_head":"<!-- This site is optimized with the Yoast SEO plugin v27.3 - https:\/\/yoast.com\/product\/yoast-seo-wordpress\/ -->\n<title>Notre \u00e9quipe des ventes - BCI Foods<\/title>\n<meta name=\"robots\" content=\"index, follow, max-snippet:-1, max-image-preview:large, max-video-preview:-1\" \/>\n<link rel=\"canonical\" href=\"https:\/\/bcifoods.com\/fr\/contacts\/\" \/>\n<meta property=\"og:locale\" content=\"fr_FR\" \/>\n<meta property=\"og:type\" content=\"article\" \/>\n<meta property=\"og:title\" content=\"Notre \u00e9quipe des ventes - BCI Foods\" \/>\n<meta property=\"og:description\" content=\"Vice-pr\u00e9sident au d\u00e9veloppement de produits Etienne Caya Courriel: etienne.caya@bcifoods.com Vice-pr\u00e9sident aux ventes \u2013 Canada Dominique Charron Courriel: dominique.charron@bcifoods.com Vice-pr\u00e9sident aux ventes \u2013 USA Bryan Flowers Courriel: bryan.flowers@bcifoods.com Vice-pr\u00e9sidente aux ventes Marie-Lou Corbin Courriel: marie-lou.corbin@bcifoods.com\" \/>\n<meta property=\"og:url\" content=\"https:\/\/bcifoods.com\/fr\/contacts\/\" \/>\n<meta property=\"og:site_name\" content=\"BCI Foods\" \/>\n<meta property=\"article:publisher\" content=\"https:\/\/www.facebook.com\/people\/Les-Aliments-BCI-Foods-Inc\/100063662755441\/\" \/>\n<meta property=\"article:modified_time\" content=\"2025-12-05T17:38:40+00:00\" \/>\n<meta name=\"twitter:card\" content=\"summary_large_image\" \/>\n<meta name=\"twitter:label1\" content=\"Dur\u00e9e de lecture estim\u00e9e\" \/>\n\t<meta name=\"twitter:data1\" content=\"1 minute\" \/>\n<script type=\"application\/ld+json\" class=\"yoast-schema-graph\">{\"@context\":\"https:\\\/\\\/schema.org\",\"@graph\":[{\"@type\":\"WebPage\",\"@id\":\"https:\\\/\\\/bcifoods.com\\\/fr\\\/contacts\\\/\",\"url\":\"https:\\\/\\\/bcifoods.com\\\/fr\\\/contacts\\\/\",\"name\":\"Notre \u00e9quipe des ventes - BCI Foods\",\"isPartOf\":{\"@id\":\"https:\\\/\\\/bcifoods.com\\\/#website\"},\"datePublished\":\"2023-11-07T16:22:03+00:00\",\"dateModified\":\"2025-12-05T17:38:40+00:00\",\"breadcrumb\":{\"@id\":\"https:\\\/\\\/bcifoods.com\\\/fr\\\/contacts\\\/#breadcrumb\"},\"inLanguage\":\"fr-FR\",\"potentialAction\":[{\"@type\":\"ReadAction\",\"target\":[\"https:\\\/\\\/bcifoods.com\\\/fr\\\/contacts\\\/\"]}]},{\"@type\":\"BreadcrumbList\",\"@id\":\"https:\\\/\\\/bcifoods.com\\\/fr\\\/contacts\\\/#breadcrumb\",\"itemListElement\":[{\"@type\":\"ListItem\",\"position\":1,\"name\":\"Home\",\"item\":\"https:\\\/\\\/bcifoods.com\\\/fr\\\/\"},{\"@type\":\"ListItem\",\"position\":2,\"name\":\"Notre \u00e9quipe des ventes\"}]},{\"@type\":\"WebSite\",\"@id\":\"https:\\\/\\\/bcifoods.com\\\/#website\",\"url\":\"https:\\\/\\\/bcifoods.com\\\/\",\"name\":\"BCI Foods\",\"description\":\"The Brand behind the Brand\",\"publisher\":{\"@id\":\"https:\\\/\\\/bcifoods.com\\\/#organization\"},\"potentialAction\":[{\"@type\":\"SearchAction\",\"target\":{\"@type\":\"EntryPoint\",\"urlTemplate\":\"https:\\\/\\\/bcifoods.com\\\/?s={search_term_string}\"},\"query-input\":{\"@type\":\"PropertyValueSpecification\",\"valueRequired\":true,\"valueName\":\"search_term_string\"}}],\"inLanguage\":\"fr-FR\"},{\"@type\":\"Organization\",\"@id\":\"https:\\\/\\\/bcifoods.com\\\/#organization\",\"name\":\"BCI Foods\",\"url\":\"https:\\\/\\\/bcifoods.com\\\/\",\"logo\":{\"@type\":\"ImageObject\",\"inLanguage\":\"fr-FR\",\"@id\":\"https:\\\/\\\/bcifoods.com\\\/#\\\/schema\\\/logo\\\/image\\\/\",\"url\":\"https:\\\/\\\/bcifoods.com\\\/wp-content\\\/uploads\\\/2018\\\/10\\\/BCI_Foods_Logo_BL.png\",\"contentUrl\":\"https:\\\/\\\/bcifoods.com\\\/wp-content\\\/uploads\\\/2018\\\/10\\\/BCI_Foods_Logo_BL.png\",\"width\":1740,\"height\":1740,\"caption\":\"BCI Foods\"},\"image\":{\"@id\":\"https:\\\/\\\/bcifoods.com\\\/#\\\/schema\\\/logo\\\/image\\\/\"},\"sameAs\":[\"https:\\\/\\\/www.facebook.com\\\/people\\\/Les-Aliments-BCI-Foods-Inc\\\/100063662755441\\\/\"]}]}<\/script>\n<!-- \/ Yoast SEO plugin. -->","yoast_head_json":{"title":"Notre \u00e9quipe des ventes - BCI Foods","robots":{"index":"index","follow":"follow","max-snippet":"max-snippet:-1","max-image-preview":"max-image-preview:large","max-video-preview":"max-video-preview:-1"},"canonical":"https:\/\/bcifoods.com\/fr\/contacts\/","og_locale":"fr_FR","og_type":"article","og_title":"Notre \u00e9quipe des ventes - BCI Foods","og_description":"Vice-pr\u00e9sident au d\u00e9veloppement de produits Etienne Caya Courriel: etienne.caya@bcifoods.com Vice-pr\u00e9sident aux ventes \u2013 Canada Dominique Charron Courriel: dominique.charron@bcifoods.com Vice-pr\u00e9sident aux ventes \u2013 USA Bryan Flowers Courriel: bryan.flowers@bcifoods.com Vice-pr\u00e9sidente aux ventes Marie-Lou Corbin Courriel: marie-lou.corbin@bcifoods.com","og_url":"https:\/\/bcifoods.com\/fr\/contacts\/","og_site_name":"BCI Foods","article_publisher":"https:\/\/www.facebook.com\/people\/Les-Aliments-BCI-Foods-Inc\/100063662755441\/","article_modified_time":"2025-12-05T17:38:40+00:00","twitter_card":"summary_large_image","twitter_misc":{"Dur\u00e9e de lecture estim\u00e9e":"1 minute"},"schema":{"@context":"https:\/\/schema.org","@graph":[{"@type":"WebPage","@id":"https:\/\/bcifoods.com\/fr\/contacts\/","url":"https:\/\/bcifoods.com\/fr\/contacts\/","name":"Notre \u00e9quipe des ventes - BCI Foods","isPartOf":{"@id":"https:\/\/bcifoods.com\/#website"},"datePublished":"2023-11-07T16:22:03+00:00","dateModified":"2025-12-05T17:38:40+00:00","breadcrumb":{"@id":"https:\/\/bcifoods.com\/fr\/contacts\/#breadcrumb"},"inLanguage":"fr-FR","potentialAction":[{"@type":"ReadAction","target":["https:\/\/bcifoods.com\/fr\/contacts\/"]}]},{"@type":"BreadcrumbList","@id":"https:\/\/bcifoods.com\/fr\/contacts\/#breadcrumb","itemListElement":[{"@type":"ListItem","position":1,"name":"Home","item":"https:\/\/bcifoods.com\/fr\/"},{"@type":"ListItem","position":2,"name":"Notre \u00e9quipe des ventes"}]},{"@type":"WebSite","@id":"https:\/\/bcifoods.com\/#website","url":"https:\/\/bcifoods.com\/","name":"BCI Foods","description":"The Brand behind the Brand","publisher":{"@id":"https:\/\/bcifoods.com\/#organization"},"potentialAction":[{"@type":"SearchAction","target":{"@type":"EntryPoint","urlTemplate":"https:\/\/bcifoods.com\/?s={search_term_string}"},"query-input":{"@type":"PropertyValueSpecification","valueRequired":true,"valueName":"search_term_string"}}],"inLanguage":"fr-FR"},{"@type":"Organization","@id":"https:\/\/bcifoods.com\/#organization","name":"BCI Foods","url":"https:\/\/bcifoods.com\/","logo":{"@type":"ImageObject","inLanguage":"fr-FR","@id":"https:\/\/bcifoods.com\/#\/schema\/logo\/image\/","url":"https:\/\/bcifoods.com\/wp-content\/uploads\/2018\/10\/BCI_Foods_Logo_BL.png","contentUrl":"https:\/\/bcifoods.com\/wp-content\/uploads\/2018\/10\/BCI_Foods_Logo_BL.png","width":1740,"height":1740,"caption":"BCI Foods"},"image":{"@id":"https:\/\/bcifoods.com\/#\/schema\/logo\/image\/"},"sameAs":["https:\/\/www.facebook.com\/people\/Les-Aliments-BCI-Foods-Inc\/100063662755441\/"]}]}},"_links":{"self":[{"href":"https:\/\/bcifoods.com\/fr\/wp-json\/wp\/v2\/pages\/1310","targetHints":{"allow":["GET"]}}],"collection":[{"href":"https:\/\/bcifoods.com\/fr\/wp-json\/wp\/v2\/pages"}],"about":[{"href":"https:\/\/bcifoods.com\/fr\/wp-json\/wp\/v2\/types\/page"}],"author":[{"embeddable":true,"href":"https:\/\/bcifoods.com\/fr\/wp-json\/wp\/v2\/users\/3"}],"replies":[{"embeddable":true,"href":"https:\/\/bcifoods.com\/fr\/wp-json\/wp\/v2\/comments?post=1310"}],"version-history":[{"count":5,"href":"https:\/\/bcifoods.com\/fr\/wp-json\/wp\/v2\/pages\/1310\/revisions"}],"predecessor-version":[{"id":1866,"href":"https:\/\/bcifoods.com\/fr\/wp-json\/wp\/v2\/pages\/1310\/revisions\/1866"}],"wp:attachment":[{"href":"https:\/\/bcifoods.com\/fr\/wp-json\/wp\/v2\/media?parent=1310"}],"curies":[{"name":"wp","href":"https:\/\/api.w.org\/{rel}","templated":true}]}}